{"id":2,"date":"2015-07-08T21:54:39","date_gmt":"2015-07-08T21:54:39","guid":{"rendered":"http:\/\/teamway.pt\/?page_id=2"},"modified":"2022-09-15T21:22:43","modified_gmt":"2022-09-15T21:22:43","slug":"sample-page","status":"publish","type":"page","link":"https:\/\/teamway.pt\/","title":{"rendered":"Sobre N\u00f3s"},"content":{"rendered":"<h2><a href=\"http:\/\/teamway.pt\/#team\">TEAMWAY, empreendedores de \u00faltima gera\u00e7\u00e3o!<\/a><\/h2>\n<p><a href=\"http:\/\/teamway.pt\/wp-content\/uploads\/2015\/07\/start.jpg\"><img loading=\"lazy\" class=\"alignnone size-full wp-image-996\" src=\"http:\/\/teamway.pt\/wp-content\/uploads\/2015\/07\/start.jpg\" alt=\"start\" width=\"960\" height=\"542\" srcset=\"https:\/\/teamway.pt\/wp-content\/uploads\/2015\/07\/start.jpg 960w, https:\/\/teamway.pt\/wp-content\/uploads\/2015\/07\/start-300x169.jpg 300w, https:\/\/teamway.pt\/wp-content\/uploads\/2015\/07\/start-768x434.jpg 768w\" sizes=\"(max-width: 960px) 100vw, 960px\" \/><\/a><\/p>\n\n\n<p>Envia-nos a tua opini\u00e3o para teamway@teamway.pt<\/p>\n","protected":false},"excerpt":{"rendered":"<p>TEAMWAY, empreendedores de \u00faltima gera\u00e7\u00e3o! Envia-nos a tua opini\u00e3o para teamway@teamway.pt<\/p>\n","protected":false},"author":1,"featured_media":0,"parent":0,"menu_order":0,"comment_status":"closed","ping_status":"open","template":"","meta":[],"_links":{"self":[{"href":"https:\/\/teamway.pt\/index.php\/wp-json\/wp\/v2\/pages\/2"}],"collection":[{"href":"https:\/\/teamway.pt\/index.php\/wp-json\/wp\/v2\/pages"}],"about":[{"href":"https:\/\/teamway.pt\/index.php\/wp-json\/wp\/v2\/types\/page"}],"author":[{"embeddable":true,"href":"https:\/\/teamway.pt\/index.php\/wp-json\/wp\/v2\/users\/1"}],"replies":[{"embeddable":true,"href":"https:\/\/teamway.pt\/index.php\/wp-json\/wp\/v2\/comments?post=2"}],"version-history":[{"count":6,"href":"https:\/\/teamway.pt\/index.php\/wp-json\/wp\/v2\/pages\/2\/revisions"}],"predecessor-version":[{"id":2269,"href":"https:\/\/teamway.pt\/index.php\/wp-json\/wp\/v2\/pages\/2\/revisions\/2269"}],"wp:attachment":[{"href":"https:\/\/teamway.pt\/index.php\/wp-json\/wp\/v2\/media?parent=2"}],"curies":[{"name":"wp","href":"https:\/\/api.w.org\/{rel}","templated":true}]}}